{"id":638,"date":"2022-10-31T15:55:29","date_gmt":"2022-10-31T19:55:29","guid":{"rendered":"https:\/\/grupoalkaline.com\/?page_id=638"},"modified":"2022-12-05T18:51:48","modified_gmt":"2022-12-05T22:51:48","slug":"distribuidores","status":"publish","type":"page","link":"https:\/\/grupoalkaline.com\/en\/distribuidores\/","title":{"rendered":"Distributors"},"content":{"rendered":"<div data-elementor-type=\"wp-page\" data-elementor-id=\"638\" class=\"elementor elementor-638\">\n\t\t\t\t\t\t\t\t\t<section class=\"elementor-section elementor-top-section elementor-element elementor-element-21db9a1 elementor-section-boxed elementor-section-height-default elementor-section-height-default\" data-id=\"21db9a1\" data-element_type=\"section\">\n\t\t\t\t\t\t<div class=\"elementor-container elementor-column-gap-default\">\n\t\t\t\t\t<div class=\"elementor-column elementor-col-100 elementor-top-column elementor-element elementor-element-45a88a5\" data-id=\"45a88a5\" data-element_type=\"column\">\n\t\t\t<div class=\"elementor-widget-wrap elementor-element-populated\">\n\t\t\t\t\t\t\t\t<div class=\"elementor-element elementor-element-e005fcf elementor-widget elementor-widget-heading\" data-id=\"e005fcf\" data-element_type=\"widget\" data-widget_type=\"heading.default\">\n\t\t\t\t<div class=\"elementor-widget-container\">\n\t\t\t<style>\/*! elementor - v3.7.8 - 02-10-2022 *\/\n.elementor-heading-title{padding:0;margin:0;line-height:1}.elementor-widget-heading .elementor-heading-title[class*=elementor-size-]>a{color:inherit;font-size:inherit;line-height:inherit}.elementor-widget-heading .elementor-heading-title.elementor-size-small{font-size:15px}.elementor-widget-heading .elementor-heading-title.elementor-size-medium{font-size:19px}.elementor-widget-heading .elementor-heading-title.elementor-size-large{font-size:29px}.elementor-widget-heading .elementor-heading-title.elementor-size-xl{font-size:39px}.elementor-widget-heading .elementor-heading-title.elementor-size-xxl{font-size:59px}<\/style><h1 class=\"elementor-heading-title elementor-size-default\">Distributors<\/h1>\t\t<\/div>\n\t\t\t\t<\/div>\n\t\t\t\t<div class=\"elementor-element elementor-element-2c9b672 elementor-widget elementor-widget-text-editor\" data-id=\"2c9b672\" data-element_type=\"widget\" data-widget_type=\"text-editor.default\">\n\t\t\t\t<div class=\"elementor-widget-container\">\n\t\t\t<style>\/*! elementor - v3.7.8 - 02-10-2022 *\/\n.elementor-widget-text-editor.elementor-drop-cap-view-stacked .elementor-drop-cap{background-color:#818a91;color:#fff}.elementor-widget-text-editor.elementor-drop-cap-view-framed .elementor-drop-cap{color:#818a91;border:3px solid;background-color:transparent}.elementor-widget-text-editor:not(.elementor-drop-cap-view-default) .elementor-drop-cap{margin-top:8px}.elementor-widget-text-editor:not(.elementor-drop-cap-view-default) .elementor-drop-cap-letter{width:1em;height:1em}.elementor-widget-text-editor .elementor-drop-cap{float:left;text-align:center;line-height:1;font-size:50px}.elementor-widget-text-editor .elementor-drop-cap-letter{display:inline-block}<\/style>\t\t\t\t<p>Icelandic Glacial water is distributed in the following countries:<\/p>\t\t\t\t\t\t<\/div>\n\t\t\t\t<\/div>\n\t\t\t\t<section class=\"elementor-section elementor-inner-section elementor-element elementor-element-3a8166d elementor-section-boxed elementor-section-height-default elementor-section-height-default\" data-id=\"3a8166d\" data-element_type=\"section\">\n\t\t\t\t\t\t<div class=\"elementor-container elementor-column-gap-default\">\n\t\t\t\t\t<div class=\"elementor-column elementor-col-25 elementor-inner-column elementor-element elementor-element-3f4a89f\" data-id=\"3f4a89f\" data-element_type=\"column\">\n\t\t\t<div class=\"elementor-widget-wrap elementor-element-populated\">\n\t\t\t\t\t\t\t\t<div class=\"elementor-element elementor-element-06f0fa3 elementor-widget elementor-widget-text-editor\" data-id=\"06f0fa3\" data-element_type=\"widget\" data-widget_type=\"text-editor.default\">\n\t\t\t\t<div class=\"elementor-widget-container\">\n\t\t\t\t\t\t\t<div class=\"shg-c-lg-3 shg-c-md-3 shg-c-sm-3 shg-c-xs-6\"><div id=\"s-04c96455-aaa5-4d8a-9131-501e5ed80822\" class=\"shg-c\"><div class=\"shg-rich-text shg-theme-text-content\"><p><strong>Australia<\/strong><\/p><p><strong>Cambodia<\/strong><\/p><p><strong>Iceland<\/strong><\/p><p><strong>Peru<\/strong><\/p><p><strong>Singapore<\/strong><\/p><p><strong>United Arab Emirates<\/strong><\/p><\/div><\/div><\/div>\t\t\t\t\t\t<\/div>\n\t\t\t\t<\/div>\n\t\t\t\t\t<\/div>\n\t\t<\/div>\n\t\t\t\t<div class=\"elementor-column elementor-col-25 elementor-inner-column elementor-element elementor-element-c574e8c\" data-id=\"c574e8c\" data-element_type=\"column\">\n\t\t\t<div class=\"elementor-widget-wrap elementor-element-populated\">\n\t\t\t\t\t\t\t\t<div class=\"elementor-element elementor-element-18799a6 elementor-widget elementor-widget-text-editor\" data-id=\"18799a6\" data-element_type=\"widget\" data-widget_type=\"text-editor.default\">\n\t\t\t\t<div class=\"elementor-widget-container\">\n\t\t\t\t\t\t\t<div class=\"shg-c-lg-3 shg-c-md-3 shg-c-sm-3 shg-c-xs-6\"><div id=\"s-04c96455-aaa5-4d8a-9131-501e5ed80822\" class=\"shg-c\"><div class=\"shg-rich-text shg-theme-text-content\"><div class=\"shg-c-lg-3 shg-c-md-3 shg-c-sm-3 shg-c-xs-6\"><div id=\"s-3ed0ed31-fd6e-4243-a927-dac253de24f6\" class=\"shg-c\"><div class=\"shg-rich-text shg-theme-text-content\"><p><strong>Benelux<\/strong><\/p><p><strong>Canada<\/strong><\/p><p><strong>Kuwait<\/strong><\/p><p><strong>Qatar<\/strong><\/p><p><strong>Spain<\/strong><\/p><p><strong>United Kingdom<\/strong><\/p><\/div><\/div><\/div><\/div><\/div><\/div>\t\t\t\t\t\t<\/div>\n\t\t\t\t<\/div>\n\t\t\t\t\t<\/div>\n\t\t<\/div>\n\t\t\t\t<div class=\"elementor-column elementor-col-25 elementor-inner-column elementor-element elementor-element-5a40a11\" data-id=\"5a40a11\" data-element_type=\"column\">\n\t\t\t<div class=\"elementor-widget-wrap elementor-element-populated\">\n\t\t\t\t\t\t\t\t<div class=\"elementor-element elementor-element-b43192e elementor-widget elementor-widget-text-editor\" data-id=\"b43192e\" data-element_type=\"widget\" data-widget_type=\"text-editor.default\">\n\t\t\t\t<div class=\"elementor-widget-container\">\n\t\t\t\t\t\t\t<div class=\"shg-c-lg-3 shg-c-md-3 shg-c-sm-3 shg-c-xs-6\"><div id=\"s-04c96455-aaa5-4d8a-9131-501e5ed80822\" class=\"shg-c\"><div class=\"shg-rich-text shg-theme-text-content\"><div class=\"shg-c-lg-3 shg-c-md-3 shg-c-sm-3 shg-c-xs-6\"><div id=\"s-3ed0ed31-fd6e-4243-a927-dac253de24f6\" class=\"shg-c\"><div class=\"shg-rich-text shg-theme-text-content\"><div class=\"shg-c-lg-3 shg-c-md-3 shg-c-sm-3 shg-c-xs-6\"><div id=\"s-e0ca8b50-ff88-445b-a89e-3b81dce6723f\" class=\"shg-c\"><div class=\"shg-rich-text shg-theme-text-content\"><p><strong>Bermuda<\/strong><\/p><p><strong>France<\/strong><\/p><p><strong>Macau<\/strong><\/p><p><strong>Russia<\/strong><\/p><p><strong>Thailand<\/strong><\/p><p><strong>United States of America<\/strong><\/p><\/div><\/div><\/div><\/div><\/div><\/div><\/div><\/div><\/div>\t\t\t\t\t\t<\/div>\n\t\t\t\t<\/div>\n\t\t\t\t\t<\/div>\n\t\t<\/div>\n\t\t\t\t<div class=\"elementor-column elementor-col-25 elementor-inner-column elementor-element elementor-element-fe7fef0\" data-id=\"fe7fef0\" data-element_type=\"column\">\n\t\t\t<div class=\"elementor-widget-wrap elementor-element-populated\">\n\t\t\t\t\t\t\t\t<div class=\"elementor-element elementor-element-5a24cf0 elementor-widget elementor-widget-text-editor\" data-id=\"5a24cf0\" data-element_type=\"widget\" data-widget_type=\"text-editor.default\">\n\t\t\t\t<div class=\"elementor-widget-container\">\n\t\t\t\t\t\t\t<div class=\"shg-c-lg-3 shg-c-md-3 shg-c-sm-3 shg-c-xs-6\"><div id=\"s-04c96455-aaa5-4d8a-9131-501e5ed80822\" class=\"shg-c\"><div class=\"shg-rich-text shg-theme-text-content\"><div class=\"shg-c-lg-3 shg-c-md-3 shg-c-sm-3 shg-c-xs-6\"><div id=\"s-3ed0ed31-fd6e-4243-a927-dac253de24f6\" class=\"shg-c\"><div class=\"shg-rich-text shg-theme-text-content\"><div class=\"shg-c-lg-3 shg-c-md-3 shg-c-sm-3 shg-c-xs-6\"><div id=\"s-e0ca8b50-ff88-445b-a89e-3b81dce6723f\" class=\"shg-c\"><div class=\"shg-rich-text shg-theme-text-content\"><div class=\"shg-c-lg-3 shg-c-md-3 shg-c-sm-3 shg-c-xs-6\"><div id=\"s-a917f457-8ec9-465d-a04c-2e641a400ab7\" class=\"shg-c\"><div class=\"shg-rich-text shg-theme-text-content\"><p><strong>Brazil<\/strong><\/p><p><strong>Hong Kong<\/strong><\/p><p><b>Mexico<\/b><\/p><p><strong>Saudi Arabia<\/strong><\/p><p><strong>Ukraine<\/strong><\/p><p><b>Panama<\/b><\/p><\/div><\/div><\/div><\/div><\/div><\/div><\/div><\/div><\/div><\/div><\/div><\/div>\t\t\t\t\t\t<\/div>\n\t\t\t\t<\/div>\n\t\t\t\t\t<\/div>\n\t\t<\/div>\n\t\t\t\t\t\t\t<\/div>\n\t\t<\/section>\n\t\t\t\t<div class=\"elementor-element elementor-element-8f4aab6 elementor-widget elementor-widget-text-editor\" data-id=\"8f4aab6\" data-element_type=\"widget\" data-widget_type=\"text-editor.default\">\n\t\t\t\t<div class=\"elementor-widget-container\">\n\t\t\t\t\t\t\t<p>Si desea convertirse en distribuidor de Icelandic Glacial, comun\u00edquese con <a href=\"mailto:sales@iwh.is\">sales@iwh.is<\/a>.<\/p>\t\t\t\t\t\t<\/div>\n\t\t\t\t<\/div>\n\t\t\t\t\t<\/div>\n\t\t<\/div>\n\t\t\t\t\t\t\t<\/div>\n\t\t<\/section>\n\t\t\t\t\t\t\t<\/div>","protected":false},"excerpt":{"rendered":"<p>El agua de Icelandic Glacial\u00a0 se distribuye en los siguientes pa\u00edses: Australia Camboya Islandia Peru Singapur Emiratos \u00c1rabes Unidos Benelux Canada Kuwait Qatar Espa\u00f1a Reino Unido Bermuda Francia Macao Rusia Tailandia Estados Unidos de Am\u00e9rica Brasil Hong Kong M\u00e9xico Arabia Saudita Ucrania Panam\u00e1 Si desea convertirse en distribuidor de Icelandic [&hellip;]<\/p>","protected":false},"author":1,"featured_media":0,"parent":0,"menu_order":0,"comment_status":"closed","ping_status":"closed","template":"elementor_header_footer","meta":{"footnotes":""},"class_list":["post-638","page","type-page","status-publish","hentry"],"yoast_head":"<!-- This site is optimized with the Yoast SEO plugin v19.10 - https:\/\/yoast.com\/wordpress\/plugins\/seo\/ -->\n<title>Distribuidores - Icelandic Glacial\u2122 Water<\/title>\n<meta name=\"robots\" content=\"index, follow, max-snippet:-1, max-image-preview:large, max-video-preview:-1\" \/>\n<link rel=\"canonical\" href=\"https:\/\/grupoalkaline.com\/en\/distribuidores\/\" \/>\n<meta property=\"og:locale\" content=\"en_US\" \/>\n<meta property=\"og:type\" content=\"article\" \/>\n<meta property=\"og:title\" content=\"Distribuidores - Icelandic Glacial\u2122 Water\" \/>\n<meta property=\"og:description\" content=\"El agua de Icelandic Glacial\u00a0 se distribuye en los siguientes pa\u00edses: Australia Camboya Islandia Peru Singapur Emiratos \u00c1rabes Unidos Benelux Canada Kuwait Qatar Espa\u00f1a Reino Unido Bermuda Francia Macao Rusia Tailandia Estados Unidos de Am\u00e9rica Brasil Hong Kong M\u00e9xico Arabia Saudita Ucrania Panam\u00e1 Si desea convertirse en distribuidor de Icelandic [&hellip;]\" \/>\n<meta property=\"og:url\" content=\"https:\/\/grupoalkaline.com\/en\/distribuidores\/\" \/>\n<meta property=\"og:site_name\" content=\"Icelandic Glacial\u2122 Water\" \/>\n<meta property=\"article:publisher\" content=\"https:\/\/www.facebook.com\/Icelandicgla\" \/>\n<meta property=\"article:modified_time\" content=\"2022-12-05T22:51:48+00:00\" \/>\n<meta name=\"twitter:card\" content=\"summary_large_image\" \/>\n<script type=\"application\/ld+json\" class=\"yoast-schema-graph\">{\"@context\":\"https:\/\/schema.org\",\"@graph\":[{\"@type\":\"WebPage\",\"@id\":\"https:\/\/grupoalkaline.com\/distribuidores\/\",\"url\":\"https:\/\/grupoalkaline.com\/distribuidores\/\",\"name\":\"Distribuidores - Icelandic Glacial\u2122 Water\",\"isPartOf\":{\"@id\":\"https:\/\/grupoalkaline.com\/#website\"},\"datePublished\":\"2022-10-31T19:55:29+00:00\",\"dateModified\":\"2022-12-05T22:51:48+00:00\",\"breadcrumb\":{\"@id\":\"https:\/\/grupoalkaline.com\/distribuidores\/#breadcrumb\"},\"inLanguage\":\"en-US\",\"potentialAction\":[{\"@type\":\"ReadAction\",\"target\":[\"https:\/\/grupoalkaline.com\/distribuidores\/\"]}]},{\"@type\":\"BreadcrumbList\",\"@id\":\"https:\/\/grupoalkaline.com\/distribuidores\/#breadcrumb\",\"itemListElement\":[{\"@type\":\"ListItem\",\"position\":1,\"name\":\"Portada\",\"item\":\"https:\/\/grupoalkaline.com\/\"},{\"@type\":\"ListItem\",\"position\":2,\"name\":\"Distribuidores\"}]},{\"@type\":\"WebSite\",\"@id\":\"https:\/\/grupoalkaline.com\/#website\",\"url\":\"https:\/\/grupoalkaline.com\/\",\"name\":\"Icelandic Glacial\u2122 Water\",\"description\":\"The Purest Tasting Water On Earth\",\"publisher\":{\"@id\":\"https:\/\/grupoalkaline.com\/#organization\"},\"potentialAction\":[{\"@type\":\"SearchAction\",\"target\":{\"@type\":\"EntryPoint\",\"urlTemplate\":\"https:\/\/grupoalkaline.com\/?s={search_term_string}\"},\"query-input\":\"required name=search_term_string\"}],\"inLanguage\":\"en-US\"},{\"@type\":\"Organization\",\"@id\":\"https:\/\/grupoalkaline.com\/#organization\",\"name\":\"Icelandic Glacial\u2122 Water\",\"url\":\"https:\/\/grupoalkaline.com\/\",\"logo\":{\"@type\":\"ImageObject\",\"inLanguage\":\"en-US\",\"@id\":\"https:\/\/grupoalkaline.com\/#\/schema\/logo\/image\/\",\"url\":\"https:\/\/grupoalkaline.com\/wp-content\/uploads\/2022\/10\/logo_icelandic_orig.png\",\"contentUrl\":\"https:\/\/grupoalkaline.com\/wp-content\/uploads\/2022\/10\/logo_icelandic_orig.png\",\"width\":410,\"height\":220,\"caption\":\"Icelandic Glacial\u2122 Water\"},\"image\":{\"@id\":\"https:\/\/grupoalkaline.com\/#\/schema\/logo\/image\/\"},\"sameAs\":[\"https:\/\/www.facebook.com\/Icelandicgla\"]}]}<\/script>\n<!-- \/ Yoast SEO plugin. -->","yoast_head_json":{"title":"Distribuidores - Icelandic Glacial\u2122 Water","robots":{"index":"index","follow":"follow","max-snippet":"max-snippet:-1","max-image-preview":"max-image-preview:large","max-video-preview":"max-video-preview:-1"},"canonical":"https:\/\/grupoalkaline.com\/en\/distribuidores\/","og_locale":"en_US","og_type":"article","og_title":"Distribuidores - Icelandic Glacial\u2122 Water","og_description":"El agua de Icelandic Glacial\u00a0 se distribuye en los siguientes pa\u00edses: Australia Camboya Islandia Peru Singapur Emiratos \u00c1rabes Unidos Benelux Canada Kuwait Qatar Espa\u00f1a Reino Unido Bermuda Francia Macao Rusia Tailandia Estados Unidos de Am\u00e9rica Brasil Hong Kong M\u00e9xico Arabia Saudita Ucrania Panam\u00e1 Si desea convertirse en distribuidor de Icelandic [&hellip;]","og_url":"https:\/\/grupoalkaline.com\/en\/distribuidores\/","og_site_name":"Icelandic Glacial\u2122 Water","article_publisher":"https:\/\/www.facebook.com\/Icelandicgla","article_modified_time":"2022-12-05T22:51:48+00:00","twitter_card":"summary_large_image","schema":{"@context":"https:\/\/schema.org","@graph":[{"@type":"WebPage","@id":"https:\/\/grupoalkaline.com\/distribuidores\/","url":"https:\/\/grupoalkaline.com\/distribuidores\/","name":"Distribuidores - Icelandic Glacial\u2122 Water","isPartOf":{"@id":"https:\/\/grupoalkaline.com\/#website"},"datePublished":"2022-10-31T19:55:29+00:00","dateModified":"2022-12-05T22:51:48+00:00","breadcrumb":{"@id":"https:\/\/grupoalkaline.com\/distribuidores\/#breadcrumb"},"inLanguage":"en-US","potentialAction":[{"@type":"ReadAction","target":["https:\/\/grupoalkaline.com\/distribuidores\/"]}]},{"@type":"BreadcrumbList","@id":"https:\/\/grupoalkaline.com\/distribuidores\/#breadcrumb","itemListElement":[{"@type":"ListItem","position":1,"name":"Portada","item":"https:\/\/grupoalkaline.com\/"},{"@type":"ListItem","position":2,"name":"Distribuidores"}]},{"@type":"WebSite","@id":"https:\/\/grupoalkaline.com\/#website","url":"https:\/\/grupoalkaline.com\/","name":"Icelandic Glacial\u2122 Water","description":"The Purest Tasting Water On Earth","publisher":{"@id":"https:\/\/grupoalkaline.com\/#organization"},"potentialAction":[{"@type":"SearchAction","target":{"@type":"EntryPoint","urlTemplate":"https:\/\/grupoalkaline.com\/?s={search_term_string}"},"query-input":"required name=search_term_string"}],"inLanguage":"en-US"},{"@type":"Organization","@id":"https:\/\/grupoalkaline.com\/#organization","name":"Icelandic Glacial\u2122 Water","url":"https:\/\/grupoalkaline.com\/","logo":{"@type":"ImageObject","inLanguage":"en-US","@id":"https:\/\/grupoalkaline.com\/#\/schema\/logo\/image\/","url":"https:\/\/grupoalkaline.com\/wp-content\/uploads\/2022\/10\/logo_icelandic_orig.png","contentUrl":"https:\/\/grupoalkaline.com\/wp-content\/uploads\/2022\/10\/logo_icelandic_orig.png","width":410,"height":220,"caption":"Icelandic Glacial\u2122 Water"},"image":{"@id":"https:\/\/grupoalkaline.com\/#\/schema\/logo\/image\/"},"sameAs":["https:\/\/www.facebook.com\/Icelandicgla"]}]}},"_links":{"self":[{"href":"https:\/\/grupoalkaline.com\/en\/wp-json\/wp\/v2\/pages\/638","targetHints":{"allow":["GET"]}}],"collection":[{"href":"https:\/\/grupoalkaline.com\/en\/wp-json\/wp\/v2\/pages"}],"about":[{"href":"https:\/\/grupoalkaline.com\/en\/wp-json\/wp\/v2\/types\/page"}],"author":[{"embeddable":true,"href":"https:\/\/grupoalkaline.com\/en\/wp-json\/wp\/v2\/users\/1"}],"replies":[{"embeddable":true,"href":"https:\/\/grupoalkaline.com\/en\/wp-json\/wp\/v2\/comments?post=638"}],"version-history":[{"count":25,"href":"https:\/\/grupoalkaline.com\/en\/wp-json\/wp\/v2\/pages\/638\/revisions"}],"predecessor-version":[{"id":1556,"href":"https:\/\/grupoalkaline.com\/en\/wp-json\/wp\/v2\/pages\/638\/revisions\/1556"}],"wp:attachment":[{"href":"https:\/\/grupoalkaline.com\/en\/wp-json\/wp\/v2\/media?parent=638"}],"curies":[{"name":"wp","href":"https:\/\/api.w.org\/{rel}","templated":true}]}}