{"id":598,"date":"2022-10-31T14:59:19","date_gmt":"2022-10-31T18:59:19","guid":{"rendered":"https:\/\/grupoalkaline.com\/?page_id=598"},"modified":"2022-11-11T20:12:32","modified_gmt":"2022-11-12T00:12:32","slug":"carreras","status":"publish","type":"page","link":"https:\/\/grupoalkaline.com\/en\/carreras\/","title":{"rendered":"Careers"},"content":{"rendered":"<div data-elementor-type=\"wp-page\" data-elementor-id=\"598\" class=\"elementor elementor-598\">\n\t\t\t\t\t\t\t\t\t<section class=\"elementor-section elementor-top-section elementor-element elementor-element-4b52832 elementor-section-boxed elementor-section-height-default elementor-section-height-default\" data-id=\"4b52832\" data-element_type=\"section\">\n\t\t\t\t\t\t<div class=\"elementor-container elementor-column-gap-default\">\n\t\t\t\t\t<div class=\"elementor-column elementor-col-100 elementor-top-column elementor-element elementor-element-fdfbeb1\" data-id=\"fdfbeb1\" data-element_type=\"column\">\n\t\t\t<div class=\"elementor-widget-wrap elementor-element-populated\">\n\t\t\t\t\t\t\t\t<div class=\"elementor-element elementor-element-2675473 elementor-widget elementor-widget-spacer\" data-id=\"2675473\" data-element_type=\"widget\" data-widget_type=\"spacer.default\">\n\t\t\t\t<div class=\"elementor-widget-container\">\n\t\t\t<style>\/*! elementor - v3.7.8 - 02-10-2022 *\/\n.elementor-column .elementor-spacer-inner{height:var(--spacer-size)}.e-container{--container-widget-width:100%}.e-container>.elementor-widget-spacer{width:var(--container-widget-width,var(--spacer-size));-ms-flex-item-align:stretch;align-self:stretch;-ms-flex-negative:0;flex-shrink:0}.e-container>.elementor-widget-spacer>.elementor-widget-container,.e-container>.elementor-widget-spacer>.elementor-widget-container>.elementor-spacer{height:100%}.e-container>.elementor-widget-spacer>.elementor-widget-container>.elementor-spacer>.elementor-spacer-inner{height:var(--container-widget-height,var(--spacer-size))}<\/style>\t\t<div class=\"elementor-spacer\">\n\t\t\t<div class=\"elementor-spacer-inner\"><\/div>\n\t\t<\/div>\n\t\t\t\t<\/div>\n\t\t\t\t<\/div>\n\t\t\t\t<div class=\"elementor-element elementor-element-b43f55e elementor-widget elementor-widget-heading\" data-id=\"b43f55e\" data-element_type=\"widget\" data-widget_type=\"heading.default\">\n\t\t\t\t<div class=\"elementor-widget-container\">\n\t\t\t<style>\/*! elementor - v3.7.8 - 02-10-2022 *\/\n.elementor-heading-title{padding:0;margin:0;line-height:1}.elementor-widget-heading .elementor-heading-title[class*=elementor-size-]>a{color:inherit;font-size:inherit;line-height:inherit}.elementor-widget-heading .elementor-heading-title.elementor-size-small{font-size:15px}.elementor-widget-heading .elementor-heading-title.elementor-size-medium{font-size:19px}.elementor-widget-heading .elementor-heading-title.elementor-size-large{font-size:29px}.elementor-widget-heading .elementor-heading-title.elementor-size-xl{font-size:39px}.elementor-widget-heading .elementor-heading-title.elementor-size-xxl{font-size:59px}<\/style><h1 class=\"elementor-heading-title elementor-size-default\">Careers<\/h1>\t\t<\/div>\n\t\t\t\t<\/div>\n\t\t\t\t<div class=\"elementor-element elementor-element-4026969 elementor-widget elementor-widget-text-editor\" data-id=\"4026969\" data-element_type=\"widget\" data-widget_type=\"text-editor.default\">\n\t\t\t\t<div class=\"elementor-widget-container\">\n\t\t\t<style>\/*! elementor - v3.7.8 - 02-10-2022 *\/\n.elementor-widget-text-editor.elementor-drop-cap-view-stacked .elementor-drop-cap{background-color:#818a91;color:#fff}.elementor-widget-text-editor.elementor-drop-cap-view-framed .elementor-drop-cap{color:#818a91;border:3px solid;background-color:transparent}.elementor-widget-text-editor:not(.elementor-drop-cap-view-default) .elementor-drop-cap{margin-top:8px}.elementor-widget-text-editor:not(.elementor-drop-cap-view-default) .elementor-drop-cap-letter{width:1em;height:1em}.elementor-widget-text-editor .elementor-drop-cap{float:left;text-align:center;line-height:1;font-size:50px}.elementor-widget-text-editor .elementor-drop-cap-letter{display:inline-block}<\/style>\t\t\t\t<p>As Icelandic Glacial\u2122 continues to expand, we are always looking for talented candidates to join our team. Available positions are listed below:<\/p>\t\t\t\t\t\t<\/div>\n\t\t\t\t<\/div>\n\t\t\t\t<div class=\"elementor-element elementor-element-63bff1e elementor-widget elementor-widget-heading\" data-id=\"63bff1e\" data-element_type=\"widget\" data-widget_type=\"heading.default\">\n\t\t\t\t<div class=\"elementor-widget-container\">\n\t\t\t<h3 class=\"elementor-heading-title elementor-size-default\">Gerente de Ventas Regional: vacantes en los siguientes estados: Nueva York\/Nueva Jersey; Carolina del Norte\/del Sur; Ohio; Misuri<\/h3>\t\t<\/div>\n\t\t\t\t<\/div>\n\t\t\t\t<div class=\"elementor-element elementor-element-598522e elementor-widget elementor-widget-text-editor\" data-id=\"598522e\" data-element_type=\"widget\" data-widget_type=\"text-editor.default\">\n\t\t\t\t<div class=\"elementor-widget-container\">\n\t\t\t\t\t\t\t<p>We are in search of the next talented Region Sales Manager to join our growing team! We are seeking an experienced and results-driven person to lead within the organization and who will be a key contributor to the development of our business within a specific business geography. This position motivates and influences to gain and buy-in from assigned distributors and retailers.<\/p><p><a href=\"https:\/\/grupoalkaline.com\/en\/gerente-de-ventas\/\">full description here<\/a><\/p>\t\t\t\t\t\t<\/div>\n\t\t\t\t<\/div>\n\t\t\t\t<div class=\"elementor-element elementor-element-ff1317b elementor-widget elementor-widget-spacer\" data-id=\"ff1317b\" data-element_type=\"widget\" data-widget_type=\"spacer.default\">\n\t\t\t\t<div class=\"elementor-widget-container\">\n\t\t\t\t\t<div class=\"elementor-spacer\">\n\t\t\t<div class=\"elementor-spacer-inner\"><\/div>\n\t\t<\/div>\n\t\t\t\t<\/div>\n\t\t\t\t<\/div>\n\t\t\t\t<div class=\"elementor-element elementor-element-2a1e9af elementor-widget elementor-widget-heading\" data-id=\"2a1e9af\" data-element_type=\"widget\" data-widget_type=\"heading.default\">\n\t\t\t\t<div class=\"elementor-widget-container\">\n\t\t\t<h3 class=\"elementor-heading-title elementor-size-default\">Region Sales Representative - Atlanta, GA<\/h3>\t\t<\/div>\n\t\t\t\t<\/div>\n\t\t\t\t<div class=\"elementor-element elementor-element-68feed7 elementor-widget elementor-widget-text-editor\" data-id=\"68feed7\" data-element_type=\"widget\" data-widget_type=\"text-editor.default\">\n\t\t\t\t<div class=\"elementor-widget-container\">\n\t\t\t\t\t\t\t<p>We are seeking the next superstar to add to our team in the role of a Region Sales Representative! Responsibilities include expanding retail distribution and growing same-store sales through wholesalers and retailers, developing and maintaining in-store merchandising initiatives.<\/p><p><a href=\"https:\/\/grupoalkaline.com\/en\/representante-de-ventas\/\">full description here<\/a><\/p>\t\t\t\t\t\t<\/div>\n\t\t\t\t<\/div>\n\t\t\t\t<div class=\"elementor-element elementor-element-7995fc1 elementor-widget elementor-widget-spacer\" data-id=\"7995fc1\" data-element_type=\"widget\" data-widget_type=\"spacer.default\">\n\t\t\t\t<div class=\"elementor-widget-container\">\n\t\t\t\t\t<div class=\"elementor-spacer\">\n\t\t\t<div class=\"elementor-spacer-inner\"><\/div>\n\t\t<\/div>\n\t\t\t\t<\/div>\n\t\t\t\t<\/div>\n\t\t\t\t<div class=\"elementor-element elementor-element-c8817db elementor-widget elementor-widget-text-editor\" data-id=\"c8817db\" data-element_type=\"widget\" data-widget_type=\"text-editor.default\">\n\t\t\t\t<div class=\"elementor-widget-container\">\n\t\t\t\t\t\t\t<p><em><strong>To Apply for Any of the Above Positions:<br \/><\/strong><\/em><\/p><p><em>Si desea enviar su curr\u00edculum vitae para que se consideren funciones actuales o futuras, o cree que sus habilidades y experiencia encajar\u00edan bien con nuestro equipo para funciones que actualmente no se anuncian anteriormente, env\u00ede su curr\u00edculum vitae a <a href=\"mailto:careers@iwh.is\">careers@iwh.is<\/a>.<\/em><\/p>\t\t\t\t\t\t<\/div>\n\t\t\t\t<\/div>\n\t\t\t\t\t<\/div>\n\t\t<\/div>\n\t\t\t\t\t\t\t<\/div>\n\t\t<\/section>\n\t\t\t\t\t\t\t<\/div>","protected":false},"excerpt":{"rendered":"<p>A medida que Icelandic Glacial\u2122 contin\u00faa expandi\u00e9ndose, siempre estamos buscando candidatos talentosos para unirse a nuestro equipo. Los puestos disponibles se enumeran a continuaci\u00f3n: Gerente de Ventas Regional: vacantes en los siguientes estados: Nueva York\/Nueva Jersey; Carolina del Norte\/del Sur; Ohio; Misuri \u00a1Estamos en la b\u00fasqueda del pr\u00f3ximo Gerente Regional [&hellip;]<\/p>","protected":false},"author":1,"featured_media":0,"parent":0,"menu_order":0,"comment_status":"closed","ping_status":"closed","template":"elementor_header_footer","meta":{"footnotes":""},"class_list":["post-598","page","type-page","status-publish","hentry"],"yoast_head":"<!-- This site is optimized with the Yoast SEO plugin v19.10 - https:\/\/yoast.com\/wordpress\/plugins\/seo\/ -->\n<title>Carreras - Icelandic Glacial\u2122 Water<\/title>\n<meta name=\"robots\" content=\"index, follow, max-snippet:-1, max-image-preview:large, max-video-preview:-1\" \/>\n<link rel=\"canonical\" href=\"https:\/\/grupoalkaline.com\/en\/carreras\/\" \/>\n<meta property=\"og:locale\" content=\"en_US\" \/>\n<meta property=\"og:type\" content=\"article\" \/>\n<meta property=\"og:title\" content=\"Carreras - Icelandic Glacial\u2122 Water\" \/>\n<meta property=\"og:description\" content=\"A medida que Icelandic Glacial\u2122 contin\u00faa expandi\u00e9ndose, siempre estamos buscando candidatos talentosos para unirse a nuestro equipo. Los puestos disponibles se enumeran a continuaci\u00f3n: Gerente de Ventas Regional: vacantes en los siguientes estados: Nueva York\/Nueva Jersey; Carolina del Norte\/del Sur; Ohio; Misuri \u00a1Estamos en la b\u00fasqueda del pr\u00f3ximo Gerente Regional [&hellip;]\" \/>\n<meta property=\"og:url\" content=\"https:\/\/grupoalkaline.com\/en\/carreras\/\" \/>\n<meta property=\"og:site_name\" content=\"Icelandic Glacial\u2122 Water\" \/>\n<meta property=\"article:publisher\" content=\"https:\/\/www.facebook.com\/Icelandicgla\" \/>\n<meta property=\"article:modified_time\" content=\"2022-11-12T00:12:32+00:00\" \/>\n<meta name=\"twitter:card\" content=\"summary_large_image\" \/>\n<meta name=\"twitter:label1\" content=\"Est. reading time\" \/>\n\t<meta name=\"twitter:data1\" content=\"1 minute\" \/>\n<script type=\"application\/ld+json\" class=\"yoast-schema-graph\">{\"@context\":\"https:\/\/schema.org\",\"@graph\":[{\"@type\":\"WebPage\",\"@id\":\"https:\/\/grupoalkaline.com\/en\/carreras\/\",\"url\":\"https:\/\/grupoalkaline.com\/en\/carreras\/\",\"name\":\"Carreras - Icelandic Glacial\u2122 Water\",\"isPartOf\":{\"@id\":\"https:\/\/grupoalkaline.com\/#website\"},\"datePublished\":\"2022-10-31T18:59:19+00:00\",\"dateModified\":\"2022-11-12T00:12:32+00:00\",\"breadcrumb\":{\"@id\":\"https:\/\/grupoalkaline.com\/en\/carreras\/#breadcrumb\"},\"inLanguage\":\"en-US\",\"potentialAction\":[{\"@type\":\"ReadAction\",\"target\":[\"https:\/\/grupoalkaline.com\/en\/carreras\/\"]}]},{\"@type\":\"BreadcrumbList\",\"@id\":\"https:\/\/grupoalkaline.com\/en\/carreras\/#breadcrumb\",\"itemListElement\":[{\"@type\":\"ListItem\",\"position\":1,\"name\":\"Portada\",\"item\":\"https:\/\/grupoalkaline.com\/\"},{\"@type\":\"ListItem\",\"position\":2,\"name\":\"Carreras\"}]},{\"@type\":\"WebSite\",\"@id\":\"https:\/\/grupoalkaline.com\/#website\",\"url\":\"https:\/\/grupoalkaline.com\/\",\"name\":\"Icelandic Glacial\u2122 Water\",\"description\":\"The Purest Tasting Water On Earth\",\"publisher\":{\"@id\":\"https:\/\/grupoalkaline.com\/#organization\"},\"potentialAction\":[{\"@type\":\"SearchAction\",\"target\":{\"@type\":\"EntryPoint\",\"urlTemplate\":\"https:\/\/grupoalkaline.com\/?s={search_term_string}\"},\"query-input\":\"required name=search_term_string\"}],\"inLanguage\":\"en-US\"},{\"@type\":\"Organization\",\"@id\":\"https:\/\/grupoalkaline.com\/#organization\",\"name\":\"Icelandic Glacial\u2122 Water\",\"url\":\"https:\/\/grupoalkaline.com\/\",\"logo\":{\"@type\":\"ImageObject\",\"inLanguage\":\"en-US\",\"@id\":\"https:\/\/grupoalkaline.com\/#\/schema\/logo\/image\/\",\"url\":\"https:\/\/grupoalkaline.com\/wp-content\/uploads\/2022\/10\/logo_icelandic_orig.png\",\"contentUrl\":\"https:\/\/grupoalkaline.com\/wp-content\/uploads\/2022\/10\/logo_icelandic_orig.png\",\"width\":410,\"height\":220,\"caption\":\"Icelandic Glacial\u2122 Water\"},\"image\":{\"@id\":\"https:\/\/grupoalkaline.com\/#\/schema\/logo\/image\/\"},\"sameAs\":[\"https:\/\/www.facebook.com\/Icelandicgla\"]}]}<\/script>\n<!-- \/ Yoast SEO plugin. -->","yoast_head_json":{"title":"Carreras - Icelandic Glacial\u2122 Water","robots":{"index":"index","follow":"follow","max-snippet":"max-snippet:-1","max-image-preview":"max-image-preview:large","max-video-preview":"max-video-preview:-1"},"canonical":"https:\/\/grupoalkaline.com\/en\/carreras\/","og_locale":"en_US","og_type":"article","og_title":"Carreras - Icelandic Glacial\u2122 Water","og_description":"A medida que Icelandic Glacial\u2122 contin\u00faa expandi\u00e9ndose, siempre estamos buscando candidatos talentosos para unirse a nuestro equipo. Los puestos disponibles se enumeran a continuaci\u00f3n: Gerente de Ventas Regional: vacantes en los siguientes estados: Nueva York\/Nueva Jersey; Carolina del Norte\/del Sur; Ohio; Misuri \u00a1Estamos en la b\u00fasqueda del pr\u00f3ximo Gerente Regional [&hellip;]","og_url":"https:\/\/grupoalkaline.com\/en\/carreras\/","og_site_name":"Icelandic Glacial\u2122 Water","article_publisher":"https:\/\/www.facebook.com\/Icelandicgla","article_modified_time":"2022-11-12T00:12:32+00:00","twitter_card":"summary_large_image","twitter_misc":{"Est. reading time":"1 minute"},"schema":{"@context":"https:\/\/schema.org","@graph":[{"@type":"WebPage","@id":"https:\/\/grupoalkaline.com\/en\/carreras\/","url":"https:\/\/grupoalkaline.com\/en\/carreras\/","name":"Carreras - Icelandic Glacial\u2122 Water","isPartOf":{"@id":"https:\/\/grupoalkaline.com\/#website"},"datePublished":"2022-10-31T18:59:19+00:00","dateModified":"2022-11-12T00:12:32+00:00","breadcrumb":{"@id":"https:\/\/grupoalkaline.com\/en\/carreras\/#breadcrumb"},"inLanguage":"en-US","potentialAction":[{"@type":"ReadAction","target":["https:\/\/grupoalkaline.com\/en\/carreras\/"]}]},{"@type":"BreadcrumbList","@id":"https:\/\/grupoalkaline.com\/en\/carreras\/#breadcrumb","itemListElement":[{"@type":"ListItem","position":1,"name":"Portada","item":"https:\/\/grupoalkaline.com\/"},{"@type":"ListItem","position":2,"name":"Carreras"}]},{"@type":"WebSite","@id":"https:\/\/grupoalkaline.com\/#website","url":"https:\/\/grupoalkaline.com\/","name":"Icelandic Glacial\u2122 Water","description":"The Purest Tasting Water On Earth","publisher":{"@id":"https:\/\/grupoalkaline.com\/#organization"},"potentialAction":[{"@type":"SearchAction","target":{"@type":"EntryPoint","urlTemplate":"https:\/\/grupoalkaline.com\/?s={search_term_string}"},"query-input":"required name=search_term_string"}],"inLanguage":"en-US"},{"@type":"Organization","@id":"https:\/\/grupoalkaline.com\/#organization","name":"Icelandic Glacial\u2122 Water","url":"https:\/\/grupoalkaline.com\/","logo":{"@type":"ImageObject","inLanguage":"en-US","@id":"https:\/\/grupoalkaline.com\/#\/schema\/logo\/image\/","url":"https:\/\/grupoalkaline.com\/wp-content\/uploads\/2022\/10\/logo_icelandic_orig.png","contentUrl":"https:\/\/grupoalkaline.com\/wp-content\/uploads\/2022\/10\/logo_icelandic_orig.png","width":410,"height":220,"caption":"Icelandic Glacial\u2122 Water"},"image":{"@id":"https:\/\/grupoalkaline.com\/#\/schema\/logo\/image\/"},"sameAs":["https:\/\/www.facebook.com\/Icelandicgla"]}]}},"_links":{"self":[{"href":"https:\/\/grupoalkaline.com\/en\/wp-json\/wp\/v2\/pages\/598","targetHints":{"allow":["GET"]}}],"collection":[{"href":"https:\/\/grupoalkaline.com\/en\/wp-json\/wp\/v2\/pages"}],"about":[{"href":"https:\/\/grupoalkaline.com\/en\/wp-json\/wp\/v2\/types\/page"}],"author":[{"embeddable":true,"href":"https:\/\/grupoalkaline.com\/en\/wp-json\/wp\/v2\/users\/1"}],"replies":[{"embeddable":true,"href":"https:\/\/grupoalkaline.com\/en\/wp-json\/wp\/v2\/comments?post=598"}],"version-history":[{"count":64,"href":"https:\/\/grupoalkaline.com\/en\/wp-json\/wp\/v2\/pages\/598\/revisions"}],"predecessor-version":[{"id":984,"href":"https:\/\/grupoalkaline.com\/en\/wp-json\/wp\/v2\/pages\/598\/revisions\/984"}],"wp:attachment":[{"href":"https:\/\/grupoalkaline.com\/en\/wp-json\/wp\/v2\/media?parent=598"}],"curies":[{"name":"wp","href":"https:\/\/api.w.org\/{rel}","templated":true}]}}