{"id":575,"date":"2022-10-31T14:17:17","date_gmt":"2022-10-31T18:17:17","guid":{"rendered":"https:\/\/grupoalkaline.com\/?page_id=575"},"modified":"2022-12-05T19:27:19","modified_gmt":"2022-12-05T23:27:19","slug":"contacto-cliente-2","status":"publish","type":"page","link":"https:\/\/grupoalkaline.com\/en\/contacto-cliente-2\/","title":{"rendered":"Contact"},"content":{"rendered":"<div data-elementor-type=\"wp-page\" data-elementor-id=\"575\" class=\"elementor elementor-575\">\n\t\t\t\t\t\t\t\t\t<section class=\"elementor-section elementor-top-section elementor-element elementor-element-4bd4c51 elementor-section-boxed elementor-section-height-default elementor-section-height-default\" data-id=\"4bd4c51\" data-element_type=\"section\">\n\t\t\t\t\t\t<div class=\"elementor-container elementor-column-gap-default\">\n\t\t\t\t\t<div class=\"elementor-column elementor-col-50 elementor-top-column elementor-element elementor-element-8356eb3\" data-id=\"8356eb3\" data-element_type=\"column\">\n\t\t\t<div class=\"elementor-widget-wrap elementor-element-populated\">\n\t\t\t\t\t\t\t\t<div class=\"elementor-element elementor-element-0f27644 elementor-widget elementor-widget-heading\" data-id=\"0f27644\" data-element_type=\"widget\" data-widget_type=\"heading.default\">\n\t\t\t\t<div class=\"elementor-widget-container\">\n\t\t\t<style>\/*! elementor - v3.7.8 - 02-10-2022 *\/\n.elementor-heading-title{padding:0;margin:0;line-height:1}.elementor-widget-heading .elementor-heading-title[class*=elementor-size-]>a{color:inherit;font-size:inherit;line-height:inherit}.elementor-widget-heading .elementor-heading-title.elementor-size-small{font-size:15px}.elementor-widget-heading .elementor-heading-title.elementor-size-medium{font-size:19px}.elementor-widget-heading .elementor-heading-title.elementor-size-large{font-size:29px}.elementor-widget-heading .elementor-heading-title.elementor-size-xl{font-size:39px}.elementor-widget-heading .elementor-heading-title.elementor-size-xxl{font-size:59px}<\/style><h1 class=\"elementor-heading-title elementor-size-default\">Contact<\/h1>\t\t<\/div>\n\t\t\t\t<\/div>\n\t\t\t\t<div class=\"elementor-element elementor-element-4b77e44 elementor-widget elementor-widget-text-editor\" data-id=\"4b77e44\" data-element_type=\"widget\" data-widget_type=\"text-editor.default\">\n\t\t\t\t<div class=\"elementor-widget-container\">\n\t\t\t<style>\/*! elementor - v3.7.8 - 02-10-2022 *\/\n.elementor-widget-text-editor.elementor-drop-cap-view-stacked .elementor-drop-cap{background-color:#818a91;color:#fff}.elementor-widget-text-editor.elementor-drop-cap-view-framed .elementor-drop-cap{color:#818a91;border:3px solid;background-color:transparent}.elementor-widget-text-editor:not(.elementor-drop-cap-view-default) .elementor-drop-cap{margin-top:8px}.elementor-widget-text-editor:not(.elementor-drop-cap-view-default) .elementor-drop-cap-letter{width:1em;height:1em}.elementor-widget-text-editor .elementor-drop-cap{float:left;text-align:center;line-height:1;font-size:50px}.elementor-widget-text-editor .elementor-drop-cap-letter{display:inline-block}<\/style>\t\t\t\t<div class=\"one-half-column-left\"><p><strong>Icelandic Office<\/strong><br \/>Icelandic Water Holdings hf<br \/>Hl\u00ed\u00f0arendi, 816 \u00d6lfus<br \/>Iceland<br \/>Phone: +354 412 2100<span>\u00a0<\/span><br \/>Fax: +354 412 2109<\/p><p><strong>Customer service and product inquiries<\/strong><br \/>E-mail <a href=\"mailto:customerservice@icelandicglacial.com\">customerservice@icelandicglacial.com<\/a><\/p><p><strong>Sales and marketing office in the USA.<\/strong><br \/>Icelandic Glacial Inc.<br \/>9608 Venice Blvd<br \/>Los Angeles, CA 90232<br \/>Phone: +1 424 201 6800<span>\u00a0<\/span><br \/>Fax: +1 424 201 6810<br \/><span>Sales Inquiries:\u00a0<\/span><a href=\"mailto:sales@iwh.is\">sales@iwh.is<\/a><br \/>Marketing Inquiries: <a href=\"mailto:marketing@iwh.is\">marketing@iwh.is<\/a><\/p><p><strong><\/strong><strong>Distribution<\/strong><br \/>U.S. Distribution Inquiries: <a href=\"mailto:sales@iwh.is\">sales@iwh.is<\/a><br \/>Global Distribution Inquiries: <a href=\"mailto:%20globalsales@icelandicglacial.com\">globalsales@icelandicglacial.com<\/a><\/p><\/div><div class=\"one-half-column-right\"><\/div>\t\t\t\t\t\t<\/div>\n\t\t\t\t<\/div>\n\t\t\t\t\t<\/div>\n\t\t<\/div>\n\t\t\t\t<div class=\"elementor-column elementor-col-50 elementor-top-column elementor-element elementor-element-b9ecfe8\" data-id=\"b9ecfe8\" data-element_type=\"column\">\n\t\t\t<div class=\"elementor-widget-wrap\">\n\t\t\t\t\t\t\t\t\t<\/div>\n\t\t<\/div>\n\t\t\t\t\t\t\t<\/div>\n\t\t<\/section>\n\t\t\t\t\t\t\t<\/div>","protected":false},"excerpt":{"rendered":"<p>Oficina de IcelandicIcelandic Water Holdings hfHl\u00ed\u00f0arendi, 816 \u00d6lfusIcelandTel: +354 412 2100\u00a0Fax: +354 412 2109 Atenci\u00f3n al cliente y consultas sobre productosEmail: customerservice@icelandicglacial.com Oficina de ventas y marketing en USA.Icelandic Glacial Inc.9608 Venice BlvdLos Angeles, CA 90232Tel: +1 424 201 6800\u00a0Fax: +1 424 201 6810Sales Inquiries:\u00a0sales@iwh.isMarketing Inquiries: marketing@iwh.is Distribuci\u00f3nU.S. Distribution Inquiries: [&hellip;]<\/p>","protected":false},"author":1,"featured_media":0,"parent":0,"menu_order":0,"comment_status":"closed","ping_status":"closed","template":"elementor_header_footer","meta":{"footnotes":""},"class_list":["post-575","page","type-page","status-publish","hentry"],"yoast_head":"<!-- This site is optimized with the Yoast SEO plugin v19.10 - https:\/\/yoast.com\/wordpress\/plugins\/seo\/ -->\n<title>Contacto - Icelandic Glacial\u2122 Water<\/title>\n<meta name=\"robots\" content=\"index, follow, max-snippet:-1, max-image-preview:large, max-video-preview:-1\" \/>\n<link rel=\"canonical\" href=\"https:\/\/grupoalkaline.com\/en\/contacto-cliente-2\/\" \/>\n<meta property=\"og:locale\" content=\"en_US\" \/>\n<meta property=\"og:type\" content=\"article\" \/>\n<meta property=\"og:title\" content=\"Contacto - Icelandic Glacial\u2122 Water\" \/>\n<meta property=\"og:description\" content=\"Oficina de IcelandicIcelandic Water Holdings hfHl\u00ed\u00f0arendi, 816 \u00d6lfusIcelandTel: +354 412 2100\u00a0Fax: +354 412 2109 Atenci\u00f3n al cliente y consultas sobre productosEmail: customerservice@icelandicglacial.com Oficina de ventas y marketing en USA.Icelandic Glacial Inc.9608 Venice BlvdLos Angeles, CA 90232Tel: +1 424 201 6800\u00a0Fax: +1 424 201 6810Sales Inquiries:\u00a0sales@iwh.isMarketing Inquiries: marketing@iwh.is Distribuci\u00f3nU.S. Distribution Inquiries: [&hellip;]\" \/>\n<meta property=\"og:url\" content=\"https:\/\/grupoalkaline.com\/en\/contacto-cliente-2\/\" \/>\n<meta property=\"og:site_name\" content=\"Icelandic Glacial\u2122 Water\" \/>\n<meta property=\"article:publisher\" content=\"https:\/\/www.facebook.com\/Icelandicgla\" \/>\n<meta property=\"article:modified_time\" content=\"2022-12-05T23:27:19+00:00\" \/>\n<meta name=\"twitter:card\" content=\"summary_large_image\" \/>\n<script type=\"application\/ld+json\" class=\"yoast-schema-graph\">{\"@context\":\"https:\/\/schema.org\",\"@graph\":[{\"@type\":\"WebPage\",\"@id\":\"https:\/\/grupoalkaline.com\/en\/contacto-cliente-2\/\",\"url\":\"https:\/\/grupoalkaline.com\/en\/contacto-cliente-2\/\",\"name\":\"Contacto - Icelandic Glacial\u2122 Water\",\"isPartOf\":{\"@id\":\"https:\/\/grupoalkaline.com\/#website\"},\"datePublished\":\"2022-10-31T18:17:17+00:00\",\"dateModified\":\"2022-12-05T23:27:19+00:00\",\"breadcrumb\":{\"@id\":\"https:\/\/grupoalkaline.com\/en\/contacto-cliente-2\/#breadcrumb\"},\"inLanguage\":\"en-US\",\"potentialAction\":[{\"@type\":\"ReadAction\",\"target\":[\"https:\/\/grupoalkaline.com\/en\/contacto-cliente-2\/\"]}]},{\"@type\":\"BreadcrumbList\",\"@id\":\"https:\/\/grupoalkaline.com\/en\/contacto-cliente-2\/#breadcrumb\",\"itemListElement\":[{\"@type\":\"ListItem\",\"position\":1,\"name\":\"Portada\",\"item\":\"https:\/\/grupoalkaline.com\/\"},{\"@type\":\"ListItem\",\"position\":2,\"name\":\"Contacto\"}]},{\"@type\":\"WebSite\",\"@id\":\"https:\/\/grupoalkaline.com\/#website\",\"url\":\"https:\/\/grupoalkaline.com\/\",\"name\":\"Icelandic Glacial\u2122 Water\",\"description\":\"The Purest Tasting Water On Earth\",\"publisher\":{\"@id\":\"https:\/\/grupoalkaline.com\/#organization\"},\"potentialAction\":[{\"@type\":\"SearchAction\",\"target\":{\"@type\":\"EntryPoint\",\"urlTemplate\":\"https:\/\/grupoalkaline.com\/?s={search_term_string}\"},\"query-input\":\"required name=search_term_string\"}],\"inLanguage\":\"en-US\"},{\"@type\":\"Organization\",\"@id\":\"https:\/\/grupoalkaline.com\/#organization\",\"name\":\"Icelandic Glacial\u2122 Water\",\"url\":\"https:\/\/grupoalkaline.com\/\",\"logo\":{\"@type\":\"ImageObject\",\"inLanguage\":\"en-US\",\"@id\":\"https:\/\/grupoalkaline.com\/#\/schema\/logo\/image\/\",\"url\":\"https:\/\/grupoalkaline.com\/wp-content\/uploads\/2022\/10\/logo_icelandic_orig.png\",\"contentUrl\":\"https:\/\/grupoalkaline.com\/wp-content\/uploads\/2022\/10\/logo_icelandic_orig.png\",\"width\":410,\"height\":220,\"caption\":\"Icelandic Glacial\u2122 Water\"},\"image\":{\"@id\":\"https:\/\/grupoalkaline.com\/#\/schema\/logo\/image\/\"},\"sameAs\":[\"https:\/\/www.facebook.com\/Icelandicgla\"]}]}<\/script>\n<!-- \/ Yoast SEO plugin. -->","yoast_head_json":{"title":"Contacto - Icelandic Glacial\u2122 Water","robots":{"index":"index","follow":"follow","max-snippet":"max-snippet:-1","max-image-preview":"max-image-preview:large","max-video-preview":"max-video-preview:-1"},"canonical":"https:\/\/grupoalkaline.com\/en\/contacto-cliente-2\/","og_locale":"en_US","og_type":"article","og_title":"Contacto - Icelandic Glacial\u2122 Water","og_description":"Oficina de IcelandicIcelandic Water Holdings hfHl\u00ed\u00f0arendi, 816 \u00d6lfusIcelandTel: +354 412 2100\u00a0Fax: +354 412 2109 Atenci\u00f3n al cliente y consultas sobre productosEmail: customerservice@icelandicglacial.com Oficina de ventas y marketing en USA.Icelandic Glacial Inc.9608 Venice BlvdLos Angeles, CA 90232Tel: +1 424 201 6800\u00a0Fax: +1 424 201 6810Sales Inquiries:\u00a0sales@iwh.isMarketing Inquiries: marketing@iwh.is Distribuci\u00f3nU.S. Distribution Inquiries: [&hellip;]","og_url":"https:\/\/grupoalkaline.com\/en\/contacto-cliente-2\/","og_site_name":"Icelandic Glacial\u2122 Water","article_publisher":"https:\/\/www.facebook.com\/Icelandicgla","article_modified_time":"2022-12-05T23:27:19+00:00","twitter_card":"summary_large_image","schema":{"@context":"https:\/\/schema.org","@graph":[{"@type":"WebPage","@id":"https:\/\/grupoalkaline.com\/en\/contacto-cliente-2\/","url":"https:\/\/grupoalkaline.com\/en\/contacto-cliente-2\/","name":"Contacto - Icelandic Glacial\u2122 Water","isPartOf":{"@id":"https:\/\/grupoalkaline.com\/#website"},"datePublished":"2022-10-31T18:17:17+00:00","dateModified":"2022-12-05T23:27:19+00:00","breadcrumb":{"@id":"https:\/\/grupoalkaline.com\/en\/contacto-cliente-2\/#breadcrumb"},"inLanguage":"en-US","potentialAction":[{"@type":"ReadAction","target":["https:\/\/grupoalkaline.com\/en\/contacto-cliente-2\/"]}]},{"@type":"BreadcrumbList","@id":"https:\/\/grupoalkaline.com\/en\/contacto-cliente-2\/#breadcrumb","itemListElement":[{"@type":"ListItem","position":1,"name":"Portada","item":"https:\/\/grupoalkaline.com\/"},{"@type":"ListItem","position":2,"name":"Contacto"}]},{"@type":"WebSite","@id":"https:\/\/grupoalkaline.com\/#website","url":"https:\/\/grupoalkaline.com\/","name":"Icelandic Glacial\u2122 Water","description":"The Purest Tasting Water On Earth","publisher":{"@id":"https:\/\/grupoalkaline.com\/#organization"},"potentialAction":[{"@type":"SearchAction","target":{"@type":"EntryPoint","urlTemplate":"https:\/\/grupoalkaline.com\/?s={search_term_string}"},"query-input":"required name=search_term_string"}],"inLanguage":"en-US"},{"@type":"Organization","@id":"https:\/\/grupoalkaline.com\/#organization","name":"Icelandic Glacial\u2122 Water","url":"https:\/\/grupoalkaline.com\/","logo":{"@type":"ImageObject","inLanguage":"en-US","@id":"https:\/\/grupoalkaline.com\/#\/schema\/logo\/image\/","url":"https:\/\/grupoalkaline.com\/wp-content\/uploads\/2022\/10\/logo_icelandic_orig.png","contentUrl":"https:\/\/grupoalkaline.com\/wp-content\/uploads\/2022\/10\/logo_icelandic_orig.png","width":410,"height":220,"caption":"Icelandic Glacial\u2122 Water"},"image":{"@id":"https:\/\/grupoalkaline.com\/#\/schema\/logo\/image\/"},"sameAs":["https:\/\/www.facebook.com\/Icelandicgla"]}]}},"_links":{"self":[{"href":"https:\/\/grupoalkaline.com\/en\/wp-json\/wp\/v2\/pages\/575","targetHints":{"allow":["GET"]}}],"collection":[{"href":"https:\/\/grupoalkaline.com\/en\/wp-json\/wp\/v2\/pages"}],"about":[{"href":"https:\/\/grupoalkaline.com\/en\/wp-json\/wp\/v2\/types\/page"}],"author":[{"embeddable":true,"href":"https:\/\/grupoalkaline.com\/en\/wp-json\/wp\/v2\/users\/1"}],"replies":[{"embeddable":true,"href":"https:\/\/grupoalkaline.com\/en\/wp-json\/wp\/v2\/comments?post=575"}],"version-history":[{"count":7,"href":"https:\/\/grupoalkaline.com\/en\/wp-json\/wp\/v2\/pages\/575\/revisions"}],"predecessor-version":[{"id":705,"href":"https:\/\/grupoalkaline.com\/en\/wp-json\/wp\/v2\/pages\/575\/revisions\/705"}],"wp:attachment":[{"href":"https:\/\/grupoalkaline.com\/en\/wp-json\/wp\/v2\/media?parent=575"}],"curies":[{"name":"wp","href":"https:\/\/api.w.org\/{rel}","templated":true}]}}